{"id":68,"date":"2022-11-22T23:47:30","date_gmt":"2022-11-22T23:47:30","guid":{"rendered":"http:\/\/ddgraphicart.com\/index.php\/services\/"},"modified":"2026-01-06T22:41:52","modified_gmt":"2026-01-06T22:41:52","slug":"services","status":"publish","type":"page","link":"https:\/\/ddgraphicart.com\/en\/services\/","title":{"rendered":"Services"},"content":{"rendered":"<div data-elementor-type=\"wp-page\" data-elementor-id=\"68\" class=\"elementor elementor-68\" data-elementor-post-type=\"page\">\n\t\t\t\t\t\t<section class=\"elementor-section elementor-top-section elementor-element elementor-element-6e926b6 elementor-reverse-widescreen elementor-reverse-tablet elementor-reverse-mobile_extra elementor-reverse-mobile elementor-section-boxed elementor-section-height-default elementor-section-height-default\" data-id=\"6e926b6\" data-element_type=\"section\" data-e-type=\"section\">\n\t\t\t\t\t\t<div class=\"elementor-container elementor-column-gap-no\">\n\t\t\t\t\t<div class=\"elementor-column elementor-col-100 elementor-top-column elementor-element elementor-element-024aaa1\" data-id=\"024aaa1\" data-element_type=\"column\" data-e-type=\"column\">\n\t\t\t<div class=\"elementor-widget-wrap elementor-element-populated\">\n\t\t\t\t\t\t<div class=\"elementor-element elementor-element-7734153f elementor-widget elementor-widget-heading\" data-id=\"7734153f\" data-element_type=\"widget\" data-e-type=\"widget\" data-widget_type=\"heading.default\">\n\t\t\t\t\t<h2 class=\"elementor-heading-title elementor-size-default\">Graphic Design Services<\/h2>\t\t\t\t<\/div>\n\t\t\t\t<section class=\"elementor-section elementor-inner-section elementor-element elementor-element-ab54bfa elementor-section-boxed elementor-section-height-default elementor-section-height-default\" data-id=\"ab54bfa\" data-element_type=\"section\" data-e-type=\"section\">\n\t\t\t\t\t\t<div class=\"elementor-container elementor-column-gap-default\">\n\t\t\t\t\t<div class=\"elementor-column elementor-col-100 elementor-inner-column elementor-element elementor-element-d646768\" data-id=\"d646768\" data-element_type=\"column\" data-e-type=\"column\">\n\t\t\t<div class=\"elementor-widget-wrap elementor-element-populated\">\n\t\t\t\t\t\t<div class=\"elementor-element elementor-element-6361fe62 elementor-widget elementor-widget-heading\" data-id=\"6361fe62\" data-element_type=\"widget\" data-e-type=\"widget\" data-widget_type=\"heading.default\">\n\t\t\t\t\t<h2 class=\"elementor-heading-title elementor-size-default\">\/\/ Branding<\/h2>\t\t\t\t<\/div>\n\t\t\t\t<div class=\"elementor-element elementor-element-14f341c elementor-widget elementor-widget-text-editor\" data-id=\"14f341c\" data-element_type=\"widget\" data-e-type=\"widget\" data-widget_type=\"text-editor.default\">\n\t\t\t\t\t\t\t\t\t<p style=\"text-align: left;\">Branding is more than just a logo. It\u2019s the visual identity that sets you apart and creates a strong connection with your audience.\u00a0<span style=\"color: var( --e-global-color-text ); font-family: var( --e-global-typography-text-font-family ), Sans-serif; font-size: var( --e-global-typography-text-font-size ); font-style: var( --e-global-typography-text-font-style ); letter-spacing: var( --e-global-typography-text-letter-spacing ); text-align: center; text-transform: var( --e-global-typography-text-text-transform ); word-spacing: var( --e-global-typography-text-word-spacing );\">Whether you're launching your business or looking for a rebrand, we help you create a powerful image that inspires trust and professionalism.<\/span><\/p>\t\t\t\t\t\t\t\t<\/div>\n\t\t\t\t<div class=\"elementor-element elementor-element-e1aee84 elementor-widget elementor-widget-heading\" data-id=\"e1aee84\" data-element_type=\"widget\" data-e-type=\"widget\" data-widget_type=\"heading.default\">\n\t\t\t\t\t<h2 class=\"elementor-heading-title elementor-size-default\">Services<\/h2>\t\t\t\t<\/div>\n\t\t\t\t<div class=\"elementor-element elementor-element-7c7b1fea elementor-widget elementor-widget-text-editor\" data-id=\"7c7b1fea\" data-element_type=\"widget\" data-e-type=\"widget\" data-widget_type=\"text-editor.default\">\n\t\t\t\t\t\t\t\t\t<p><strong>Custom Logo Design<br \/><\/strong>A unique, memorable, and representative design for your brand.<\/p><p><strong>Visual Identity<br \/><\/strong>Color palette, fonts, and graphic elements that reflect the personality of the business.<\/p><p><strong style=\"background-color: transparent; color: var( --e-global-color-text ); font-family: var( --e-global-typography-text-font-family ), Sans-serif; font-style: var( --e-global-typography-text-font-style ); letter-spacing: var( --e-global-typography-text-letter-spacing ); text-transform: var( --e-global-typography-text-text-transform ); word-spacing: var( --e-global-typography-text-word-spacing );\">Brand Guidelines<br \/><\/strong><span style=\"background-color: transparent; color: var( --e-global-color-text ); font-family: var( --e-global-typography-text-font-family ), Sans-serif; font-style: var( --e-global-typography-text-font-style ); font-weight: var( --e-global-typography-text-font-weight ); letter-spacing: var( --e-global-typography-text-letter-spacing ); text-transform: var( --e-global-typography-text-text-transform ); word-spacing: var( --e-global-typography-text-word-spacing );\">A detailed document with rules for using the visual identity to ensure consistent communication.<\/span><\/p><p><strong style=\"background-color: transparent; color: var( --e-global-color-text ); font-family: var( --e-global-typography-text-font-family ), Sans-serif; font-style: var( --e-global-typography-text-font-style ); letter-spacing: var( --e-global-typography-text-letter-spacing ); text-transform: var( --e-global-typography-text-text-transform ); word-spacing: var( --e-global-typography-text-word-spacing );\">Marketing Materials<br \/><\/strong><span style=\"background-color: transparent; color: var( --e-global-color-text ); font-family: var( --e-global-typography-text-font-family ), Sans-serif; font-style: var( --e-global-typography-text-font-style ); font-weight: var( --e-global-typography-text-font-weight ); letter-spacing: var( --e-global-typography-text-letter-spacing ); text-transform: var( --e-global-typography-text-text-transform ); word-spacing: var( --e-global-typography-text-word-spacing );\">Business cards, brochures, banners, and other promotional materials, all aligned with the brand's identity.<\/span><\/p><p><strong style=\"background-color: transparent; color: var( --e-global-color-text ); font-family: var( --e-global-typography-text-font-family ), Sans-serif; font-style: var( --e-global-typography-text-font-style ); letter-spacing: var( --e-global-typography-text-letter-spacing ); text-transform: var( --e-global-typography-text-text-transform ); word-spacing: var( --e-global-typography-text-word-spacing );\">Social Media Design<\/strong><span style=\"background-color: transparent; color: var( --e-global-color-text ); font-family: var( --e-global-typography-text-font-family ), Sans-serif; font-style: var( --e-global-typography-text-font-style ); font-weight: var( --e-global-typography-text-font-weight ); letter-spacing: var( --e-global-typography-text-letter-spacing ); text-transform: var( --e-global-typography-text-text-transform ); word-spacing: var( --e-global-typography-text-word-spacing );\">\u00a0<br \/>Eye-catching images for posts, covers, and custom templates.<\/span><\/p>\t\t\t\t\t\t\t\t<\/div>\n\t\t\t\t\t<\/div>\n\t\t<\/div>\n\t\t\t\t\t<\/div>\n\t\t<\/section>\n\t\t\t\t<section class=\"elementor-section elementor-inner-section elementor-element elementor-element-37f8521 elementor-section-boxed elementor-section-height-default elementor-section-height-default\" data-id=\"37f8521\" data-element_type=\"section\" data-e-type=\"section\">\n\t\t\t\t\t\t<div class=\"elementor-container elementor-column-gap-default\">\n\t\t\t\t\t<div class=\"elementor-column elementor-col-100 elementor-inner-column elementor-element elementor-element-8650e84\" data-id=\"8650e84\" data-element_type=\"column\" data-e-type=\"column\">\n\t\t\t<div class=\"elementor-widget-wrap elementor-element-populated\">\n\t\t\t\t\t\t<div class=\"elementor-element elementor-element-986c447 elementor-widget elementor-widget-heading\" data-id=\"986c447\" data-element_type=\"widget\" data-e-type=\"widget\" data-widget_type=\"heading.default\">\n\t\t\t\t\t<h2 class=\"elementor-heading-title elementor-size-default\">\/\/ Digital Products - Coming soon<\/h2>\t\t\t\t<\/div>\n\t\t\t\t<div class=\"elementor-element elementor-element-b8aa9d4 elementor-widget elementor-widget-text-editor\" data-id=\"b8aa9d4\" data-element_type=\"widget\" data-e-type=\"widget\" data-widget_type=\"text-editor.default\">\n\t\t\t\t\t\t\t\t\t<p style=\"text-align: left;\">We create digital products for you, giving you the option to <strong>sell<\/strong>, them under your own brand. We also sell our digital products for <strong>personal and professional use,<\/strong>, ready to be downloaded and used immediately.<\/p>\t\t\t\t\t\t\t\t<\/div>\n\t\t\t\t<div class=\"elementor-element elementor-element-e674ed8 elementor-widget elementor-widget-heading\" data-id=\"e674ed8\" data-element_type=\"widget\" data-e-type=\"widget\" data-widget_type=\"heading.default\">\n\t\t\t\t\t<h2 class=\"elementor-heading-title elementor-size-default\">Services<\/h2>\t\t\t\t<\/div>\n\t\t\t\t<div class=\"elementor-element elementor-element-c8ab3d2 elementor-widget elementor-widget-text-editor\" data-id=\"c8ab3d2\" data-element_type=\"widget\" data-e-type=\"widget\" data-widget_type=\"text-editor.default\">\n\t\t\t\t\t\t\t\t\t<p><strong>Custom Digital Products<br \/><\/strong>Tailored to your needs and your brand.<\/p><p><strong>Resale Rights<br \/><\/strong>Sell our products under your own name.<\/p><p><strong>Digital Shop<br \/><\/strong>Instant access to a variety of digital resources.<\/p>\t\t\t\t\t\t\t\t<\/div>\n\t\t\t\t\t<\/div>\n\t\t<\/div>\n\t\t\t\t\t<\/div>\n\t\t<\/section>\n\t\t\t\t\t<\/div>\n\t\t<\/div>\n\t\t\t\t\t<\/div>\n\t\t<\/section>\n\t\t\t\t<section class=\"elementor-section elementor-top-section elementor-element elementor-element-32dc9d3 elementor-reverse-widescreen elementor-reverse-tablet elementor-reverse-mobile_extra elementor-reverse-mobile elementor-section-boxed elementor-section-height-default elementor-section-height-default\" data-id=\"32dc9d3\" data-element_type=\"section\" data-e-type=\"section\">\n\t\t\t\t\t\t<div class=\"elementor-container elementor-column-gap-no\">\n\t\t\t\t\t<div class=\"elementor-column elementor-col-100 elementor-top-column elementor-element elementor-element-ef1d8e0\" data-id=\"ef1d8e0\" data-element_type=\"column\" data-e-type=\"column\">\n\t\t\t<div class=\"elementor-widget-wrap elementor-element-populated\">\n\t\t\t\t\t\t<div class=\"elementor-element elementor-element-facf9a4 elementor-widget elementor-widget-heading\" data-id=\"facf9a4\" data-element_type=\"widget\" data-e-type=\"widget\" data-widget_type=\"heading.default\">\n\t\t\t\t\t<h2 class=\"elementor-heading-title elementor-size-default\">Web Design Services<\/h2>\t\t\t\t<\/div>\n\t\t\t\t<section class=\"elementor-section elementor-inner-section elementor-element elementor-element-58619ab elementor-section-boxed elementor-section-height-default elementor-section-height-default\" data-id=\"58619ab\" data-element_type=\"section\" data-e-type=\"section\">\n\t\t\t\t\t\t<div class=\"elementor-container elementor-column-gap-default\">\n\t\t\t\t\t<div class=\"elementor-column elementor-col-100 elementor-inner-column elementor-element elementor-element-df8e18f\" data-id=\"df8e18f\" data-element_type=\"column\" data-e-type=\"column\">\n\t\t\t<div class=\"elementor-widget-wrap elementor-element-populated\">\n\t\t\t\t\t\t<div class=\"elementor-element elementor-element-7cd933f elementor-widget elementor-widget-heading\" data-id=\"7cd933f\" data-element_type=\"widget\" data-e-type=\"widget\" data-widget_type=\"heading.default\">\n\t\t\t\t\t<h2 class=\"elementor-heading-title elementor-size-default\">\/\/ Showcase Websites<\/h2>\t\t\t\t<\/div>\n\t\t\t\t<div class=\"elementor-element elementor-element-801c624 elementor-widget elementor-widget-text-editor\" data-id=\"801c624\" data-element_type=\"widget\" data-e-type=\"widget\" data-widget_type=\"text-editor.default\">\n\t\t\t\t\t\t\t\t\t<p style=\"text-align: left;\">We create professional showcase websites, optimized for performance and easy management, using <strong>WordPress<\/strong> and <strong>Elementor Pro<\/strong>. These platforms allow you to have a custom website with a modern design and advanced functionalities, without the need for technical knowledge.<\/p>\t\t\t\t\t\t\t\t<\/div>\n\t\t\t\t<div class=\"elementor-element elementor-element-29b0f5a elementor-widget elementor-widget-heading\" data-id=\"29b0f5a\" data-element_type=\"widget\" data-e-type=\"widget\" data-widget_type=\"heading.default\">\n\t\t\t\t\t<h2 class=\"elementor-heading-title elementor-size-default\">Services<\/h2>\t\t\t\t<\/div>\n\t\t\t\t<div class=\"elementor-element elementor-element-3247133 elementor-widget elementor-widget-text-editor\" data-id=\"3247133\" data-element_type=\"widget\" data-e-type=\"widget\" data-widget_type=\"text-editor.default\">\n\t\t\t\t\t\t\t\t\t<p><strong>Custom Design<br \/><\/strong>We create a unique design that reflects your brand's identity and grabs the attention of visitors.<br \/><br \/><strong>Advanced Functionalities<br \/><\/strong>Integration with forms, galleries, animations, and more, all tailored to your needs.<br \/><br \/><strong>Mobile Optimization<br \/><\/strong>We ensure a seamless experience on any device, whether it's desktop or mobile.<br \/><br \/><strong>Easy Management<br \/><\/strong>Thanks to Elementor Pro, the website will be easy for you to manage without depending on developers.<br \/><br \/><strong>SEO &amp; Performance<br \/><\/strong>We optimize the site for speed and performance to boost your visibility in search engines.<\/p>\t\t\t\t\t\t\t\t<\/div>\n\t\t\t\t\t<\/div>\n\t\t<\/div>\n\t\t\t\t\t<\/div>\n\t\t<\/section>\n\t\t\t\t<section class=\"elementor-section elementor-inner-section elementor-element elementor-element-4414b17 elementor-section-boxed elementor-section-height-default elementor-section-height-default\" data-id=\"4414b17\" data-element_type=\"section\" data-e-type=\"section\">\n\t\t\t\t\t\t<div class=\"elementor-container elementor-column-gap-default\">\n\t\t\t\t\t<div class=\"elementor-column elementor-col-100 elementor-inner-column elementor-element elementor-element-219761a\" data-id=\"219761a\" data-element_type=\"column\" data-e-type=\"column\">\n\t\t\t<div class=\"elementor-widget-wrap elementor-element-populated\">\n\t\t\t\t\t\t<div class=\"elementor-element elementor-element-5aea692 elementor-widget elementor-widget-heading\" data-id=\"5aea692\" data-element_type=\"widget\" data-e-type=\"widget\" data-widget_type=\"heading.default\">\n\t\t\t\t\t<h2 class=\"elementor-heading-title elementor-size-default\">\/\/ Small Online Stores<\/h2>\t\t\t\t<\/div>\n\t\t\t\t<div class=\"elementor-element elementor-element-0b83c8e elementor-widget elementor-widget-text-editor\" data-id=\"0b83c8e\" data-element_type=\"widget\" data-e-type=\"widget\" data-widget_type=\"text-editor.default\">\n\t\t\t\t\t\t\t\t\t<p style=\"text-align: left;\">We build\u00a0<strong>small, optimized online stores<\/strong>for sales, using\u00a0<strong>WordPress, WooCommerce and Elementor Pro<\/strong>. We create quick, efficient, and easy-to-manage solutions, perfect for businesses looking to sell their products online without technical complications.<\/p>\t\t\t\t\t\t\t\t<\/div>\n\t\t\t\t<div class=\"elementor-element elementor-element-a97baff elementor-widget elementor-widget-heading\" data-id=\"a97baff\" data-element_type=\"widget\" data-e-type=\"widget\" data-widget_type=\"heading.default\">\n\t\t\t\t\t<h2 class=\"elementor-heading-title elementor-size-default\">Services<\/h2>\t\t\t\t<\/div>\n\t\t\t\t<div class=\"elementor-element elementor-element-2fed491 elementor-widget elementor-widget-text-editor\" data-id=\"2fed491\" data-element_type=\"widget\" data-e-type=\"widget\" data-widget_type=\"text-editor.default\">\n\t\t\t\t\t\t\t\t\t<p><strong style=\"color: var( --e-global-color-text ); font-family: var( --e-global-typography-text-font-family ), Sans-serif; font-style: var( --e-global-typography-text-font-style ); letter-spacing: var( --e-global-typography-text-letter-spacing ); text-transform: var( --e-global-typography-text-text-transform ); word-spacing: var( --e-global-typography-text-word-spacing ); font-size: var( --e-global-typography-text-font-size );\">Custom Design<br \/><\/strong><span style=\"color: var( --e-global-color-text ); font-family: var( --e-global-typography-text-font-family ), Sans-serif; font-style: var( --e-global-typography-text-font-style ); letter-spacing: var( --e-global-typography-text-letter-spacing ); text-transform: var( --e-global-typography-text-text-transform ); word-spacing: var( --e-global-typography-text-word-spacing ); font-size: var( --e-global-typography-text-font-size ); font-weight: var( --e-global-typography-text-font-weight );\">Modern, attractive layout adapted to your brand.<\/span><\/p><p><strong>Professional WooCommerce Setup<br \/><\/strong>A fully functional store ready for sales.<\/p><p><strong>Conversion Optimization<br \/><\/strong>Clear structure and simple purchasing process.<\/p><p><strong>Responsive &amp; Fast<br \/><\/strong>The store is accessible on mobile, tablet, and desktop.<\/p><p><strong>Payment and Shipping Integration<br \/><\/strong>Setup for payment gateways and shipping methods.<\/p><p><strong>Simple Management with Elementor Pro<br \/><\/strong>Quickly modify pages without technical knowledge.<\/p>\t\t\t\t\t\t\t\t<\/div>\n\t\t\t\t\t<\/div>\n\t\t<\/div>\n\t\t\t\t\t<\/div>\n\t\t<\/section>\n\t\t\t\t<section class=\"elementor-section elementor-inner-section elementor-element elementor-element-bc6ec90 elementor-section-boxed elementor-section-height-default elementor-section-height-default\" data-id=\"bc6ec90\" data-element_type=\"section\" data-e-type=\"section\">\n\t\t\t\t\t\t<div class=\"elementor-container elementor-column-gap-default\">\n\t\t\t\t\t<div class=\"elementor-column elementor-col-100 elementor-inner-column elementor-element elementor-element-11beeca\" data-id=\"11beeca\" data-element_type=\"column\" data-e-type=\"column\">\n\t\t\t<div class=\"elementor-widget-wrap elementor-element-populated\">\n\t\t\t\t\t\t<div class=\"elementor-element elementor-element-47d403d elementor-widget elementor-widget-heading\" data-id=\"47d403d\" data-element_type=\"widget\" data-e-type=\"widget\" data-widget_type=\"heading.default\">\n\t\t\t\t\t<h2 class=\"elementor-heading-title elementor-size-default\">\/\/ SaaS Applications\/Website Designs in Figma<\/h2>\t\t\t\t<\/div>\n\t\t\t\t<div class=\"elementor-element elementor-element-0e38feb elementor-widget elementor-widget-text-editor\" data-id=\"0e38feb\" data-element_type=\"widget\" data-e-type=\"widget\" data-widget_type=\"text-editor.default\">\n\t\t\t\t\t\t\t\t\t<p style=\"text-align: left;\">We create designs for <strong>SaaS applications<\/strong> and <strong>and websites<\/strong> using Figma, providing interactive and intuitive visual solutions that align with user needs and your business goals.<\/p>\t\t\t\t\t\t\t\t<\/div>\n\t\t\t\t<div class=\"elementor-element elementor-element-7838686 elementor-widget elementor-widget-heading\" data-id=\"7838686\" data-element_type=\"widget\" data-e-type=\"widget\" data-widget_type=\"heading.default\">\n\t\t\t\t\t<h2 class=\"elementor-heading-title elementor-size-default\">Services<\/h2>\t\t\t\t<\/div>\n\t\t\t\t<div class=\"elementor-element elementor-element-36fa188 elementor-widget elementor-widget-text-editor\" data-id=\"36fa188\" data-element_type=\"widget\" data-e-type=\"widget\" data-widget_type=\"text-editor.default\">\n\t\t\t\t\t\t\t\t\t<p><strong>Custom Design in Figma<br \/><\/strong>We create unique, tailored designs that reflect your brand's identity and ensure a cohesive user experience.<br \/><br \/><strong>Wireframes and Interactive Prototypes<br \/><\/strong>We create sketches and interactive prototypes to test functionality and app workflows before development.<br \/><br \/><strong>Custom UI Kit<br \/><\/strong>We provide fully customized UI kits, including consistent visual elements to support rapid development and scalability of your project.<br \/><br \/><strong>Real-time Collaboration<br \/><\/strong>Figma allows real-time collaboration, so your team can be actively involved in the design process.<\/p>\t\t\t\t\t\t\t\t<\/div>\n\t\t\t\t\t<\/div>\n\t\t<\/div>\n\t\t\t\t\t<\/div>\n\t\t<\/section>\n\t\t\t\t<section class=\"elementor-section elementor-inner-section elementor-element elementor-element-5acbaf5 elementor-section-boxed elementor-section-height-default elementor-section-height-default\" data-id=\"5acbaf5\" data-element_type=\"section\" data-e-type=\"section\">\n\t\t\t\t\t\t<div class=\"elementor-container elementor-column-gap-default\">\n\t\t\t\t\t<div class=\"elementor-column elementor-col-100 elementor-inner-column elementor-element elementor-element-5235f2f\" data-id=\"5235f2f\" data-element_type=\"column\" data-e-type=\"column\">\n\t\t\t<div class=\"elementor-widget-wrap elementor-element-populated\">\n\t\t\t\t\t\t<div class=\"elementor-element elementor-element-d85cc7a elementor-widget elementor-widget-heading\" data-id=\"d85cc7a\" data-element_type=\"widget\" data-e-type=\"widget\" data-widget_type=\"heading.default\">\n\t\t\t\t\t<h2 class=\"elementor-heading-title elementor-size-default\">\/\/ Wireframes and Prototypes \/ Full UX\/UI Design Process<\/h2>\t\t\t\t<\/div>\n\t\t\t\t<div class=\"elementor-element elementor-element-3936236 elementor-widget elementor-widget-text-editor\" data-id=\"3936236\" data-element_type=\"widget\" data-e-type=\"widget\" data-widget_type=\"text-editor.default\">\n\t\t\t\t\t\t\t\t\t<p style=\"text-align: left;\">We offer complete UX\/UI design services, from <strong>basic wireframes<\/strong> to interactive <strong>prototypes<\/strong>, to transform your ideas into functional and engaging digital experiences.<\/p>\t\t\t\t\t\t\t\t<\/div>\n\t\t\t\t<div class=\"elementor-element elementor-element-de94427 elementor-widget elementor-widget-heading\" data-id=\"de94427\" data-element_type=\"widget\" data-e-type=\"widget\" data-widget_type=\"heading.default\">\n\t\t\t\t\t<h2 class=\"elementor-heading-title elementor-size-default\">Services<\/h2>\t\t\t\t<\/div>\n\t\t\t\t<div class=\"elementor-element elementor-element-dd3be07 elementor-widget elementor-widget-text-editor\" data-id=\"dd3be07\" data-element_type=\"widget\" data-e-type=\"widget\" data-widget_type=\"text-editor.default\">\n\t\t\t\t\t\t\t\t\t<p><strong>Wireframe<br \/><\/strong>Basic sketches that define the structure and navigation of your site or app, giving you a clear vision of the layout and functionalities.<\/p><p><strong>Interactive Prototypes<br \/><\/strong>Detailed, functional models that simulate user interactions and workflows to test the design before implementation.<\/p><p><strong>Complete UX\/UI Design<br \/><\/strong>From user research and defining interaction flows to the final visual design, we ensure every detail of your app or website is intuitive and efficient.<\/p><p><strong>Usability Testing<br \/><\/strong>We conduct usability tests to ensure your users will have a pleasant and frictionless experience.<\/p>\t\t\t\t\t\t\t\t<\/div>\n\t\t\t\t\t<\/div>\n\t\t<\/div>\n\t\t\t\t\t<\/div>\n\t\t<\/section>\n\t\t\t\t\t<\/div>\n\t\t<\/div>\n\t\t\t\t\t<\/div>\n\t\t<\/section>\n\t\t\t\t<\/div>","protected":false},"excerpt":{"rendered":"<p>Servicii de Graphic Design \/\/ Branding Brandingul este mai mult dec\u00e2t un logo \u2013 este identitatea vizual\u0103 care te diferen\u021biaz\u0103 \u0219i creeaz\u0103 o conexiune puternic\u0103 cu publicul t\u0103u.\u00a0Fie c\u0103 \u00ee\u021bi lansezi afacerea sau vrei un rebranding, te ajut\u0103m s\u0103 creezi o imagine de impact care s\u0103 inspire \u00eencredere \u0219i profesionalism. servicii: Creare Logo personalizatUn design [&hellip;]<\/p>\n","protected":false},"author":1,"featured_media":0,"parent":0,"menu_order":0,"comment_status":"closed","ping_status":"closed","template":"elementor_header_footer","meta":{"iawp_total_views":128,"footnotes":""},"class_list":["post-68","page","type-page","status-publish","hentry"],"_links":{"self":[{"href":"https:\/\/ddgraphicart.com\/en\/wp-json\/wp\/v2\/pages\/68","targetHints":{"allow":["GET"]}}],"collection":[{"href":"https:\/\/ddgraphicart.com\/en\/wp-json\/wp\/v2\/pages"}],"about":[{"href":"https:\/\/ddgraphicart.com\/en\/wp-json\/wp\/v2\/types\/page"}],"author":[{"embeddable":true,"href":"https:\/\/ddgraphicart.com\/en\/wp-json\/wp\/v2\/users\/1"}],"replies":[{"embeddable":true,"href":"https:\/\/ddgraphicart.com\/en\/wp-json\/wp\/v2\/comments?post=68"}],"version-history":[{"count":57,"href":"https:\/\/ddgraphicart.com\/en\/wp-json\/wp\/v2\/pages\/68\/revisions"}],"predecessor-version":[{"id":2741,"href":"https:\/\/ddgraphicart.com\/en\/wp-json\/wp\/v2\/pages\/68\/revisions\/2741"}],"wp:attachment":[{"href":"https:\/\/ddgraphicart.com\/en\/wp-json\/wp\/v2\/media?parent=68"}],"curies":[{"name":"wp","href":"https:\/\/api.w.org\/{rel}","templated":true}]}}