{"id":509,"date":"2022-12-17T13:17:03","date_gmt":"2022-12-17T13:17:03","guid":{"rendered":"https:\/\/ddgraphicart.com\/?page_id=509"},"modified":"2022-12-18T15:30:56","modified_gmt":"2022-12-18T15:30:56","slug":"politica-de-confidentialitate","status":"publish","type":"page","link":"https:\/\/ddgraphicart.com\/en\/politica-de-confidentialitate\/","title":{"rendered":"Privacy policy"},"content":{"rendered":"<div data-elementor-type=\"wp-page\" data-elementor-id=\"509\" class=\"elementor elementor-509\" data-elementor-post-type=\"page\">\n\t\t\t\t\t\t<section class=\"elementor-section elementor-top-section elementor-element elementor-element-acca55c elementor-section-full_width elementor-section-height-default elementor-section-height-default\" data-id=\"acca55c\" data-element_type=\"section\" data-e-type=\"section\">\n\t\t\t\t\t\t<div class=\"elementor-container elementor-column-gap-no\">\n\t\t\t\t\t<div class=\"elementor-column elementor-col-100 elementor-top-column elementor-element elementor-element-ed1ed95\" data-id=\"ed1ed95\" data-element_type=\"column\" data-e-type=\"column\">\n\t\t\t<div class=\"elementor-widget-wrap elementor-element-populated\">\n\t\t\t\t\t\t<div class=\"elementor-element elementor-element-d9a41b6 elementor-widget elementor-widget-heading\" data-id=\"d9a41b6\" data-element_type=\"widget\" data-e-type=\"widget\" data-widget_type=\"heading.default\">\n\t\t\t\t\t<h2 class=\"elementor-heading-title elementor-size-default\">Privacy policy<\/h2>\t\t\t\t<\/div>\n\t\t\t\t<div class=\"elementor-element elementor-element-ac5f27a elementor-widget elementor-widget-text-editor\" data-id=\"ac5f27a\" data-element_type=\"widget\" data-e-type=\"widget\" data-widget_type=\"text-editor.default\">\n\t\t\t\t\t\t\t\t\t<p><strong>Cine suntem noi<\/strong><\/p><p>Adresa site-ului nostru web este: https:\/\/ddgraphicart.com.<\/p><p><strong>Comentarii<\/strong><\/p><p>C\u00e2nd vizitatorii las\u0103 comentarii pe site, colect\u0103m datele afi\u0219ate \u00een formularul de comentarii, precum \u0219i adresa IP a vizitatorului \u0219i \u0219irul de agent de utilizator al browserului pentru a ajuta la detectarea spam-ului.<\/p><p>Un \u0219ir anonim creat de la adresa dvs. de e-mail (numit \u0219i hash) poate fi furnizat serviciului Gravatar pentru a vedea dac\u0103 \u00eel utiliza\u021bi. Politica de confiden\u021bialitate a serviciului Gravatar este disponibil\u0103 aici: https:\/\/automattic.com\/privacy\/. Dup\u0103 aprobarea comentariului dvs., fotografia dvs. de profil este vizibil\u0103 publicului \u00een contextul comentariului dvs.<\/p><p><strong>Mass-media<\/strong><\/p><p>Dac\u0103 \u00eenc\u0103rca\u021bi imagini pe site-ul web, ar trebui s\u0103 evita\u021bi s\u0103 \u00eenc\u0103rca\u021bi imagini cu date de loca\u021bie \u00eencorporate (EXIF GPS) incluse. Vizitatorii site-ului web pot desc\u0103rca \u0219i extrage orice date despre loca\u021bie din imaginile de pe site.<\/p><p><strong>Cookie-uri<\/strong><\/p><p>Dac\u0103 l\u0103sa\u021bi un comentariu pe site-ul nostru, pute\u021bi opta pentru salvarea numelui, a adresei de e-mail \u0219i a site-ului web \u00een cookie-uri. Acestea sunt pentru comoditatea dumneavoastr\u0103, astfel \u00eenc\u00e2t s\u0103 nu fie nevoie s\u0103 v\u0103 completa\u021bi din nou datele c\u00e2nd l\u0103sa\u021bi un alt comentariu. Aceste cookie-uri vor dura un an.<\/p><p>Dac\u0103 vizita\u021bi pagina noastr\u0103 de conectare, vom seta un cookie temporar pentru a determina dac\u0103 browserul dumneavoastr\u0103 accept\u0103 cookie-uri. Acest cookie nu con\u021bine date personale \u0219i este eliminat atunci c\u00e2nd \u00eenchide\u021bi browserul.<\/p><p>C\u00e2nd v\u0103 conecta\u021bi, vom configura \u0219i c\u00e2teva module cookie pentru a v\u0103 salva informa\u021biile de conectare \u0219i op\u021biunile de afi\u0219are a ecranului. Cookie-urile de conectare dureaz\u0103 dou\u0103 zile, iar modulele cookie de op\u021biuni de ecran dureaz\u0103 un an. Dac\u0103 selecta\u021bi \u201e\u021aine\u021bi minte\u201d, autentificarea dvs. va persista timp de dou\u0103 s\u0103pt\u0103m\u00e2ni. Dac\u0103 v\u0103 deconecta\u021bi de la contul dvs., cookie-urile de conectare vor fi eliminate.<\/p><p>Dac\u0103 edita\u021bi sau publica\u021bi un articol, un cookie suplimentar va fi salvat \u00een browser. Acest cookie nu include date personale \u0219i indic\u0103 pur \u0219i simplu ID-ul post\u0103rii articolului pe care tocmai l-a\u021bi editat. Expir\u0103 dup\u0103 1 zi.<\/p><p><strong>Con\u021binut \u00eencorporat de pe alte site-uri web<\/strong><\/p><p>Articolele de pe acest site pot include con\u021binut \u00eencorporat (de exemplu, videoclipuri, imagini, articole etc.). Con\u021binutul \u00eencorporat de pe alte site-uri web se comport\u0103 exact \u00een acela\u0219i mod ca \u0219i cum vizitatorul ar fi vizitat cel\u0103lalt site web.<\/p><p>Aceste site-uri web pot colecta date despre dvs., pot folosi cookie-uri, pot \u00eencorpora urm\u0103rire suplimentar\u0103 de la ter\u021bi \u0219i v\u0103 pot monitoriza interac\u021biunea cu acel con\u021binut \u00eencorporat, inclusiv urm\u0103rirea interac\u021biunii dvs. cu con\u021binutul \u00eencorporat dac\u0103 ave\u021bi un cont \u0219i sunte\u021bi conectat la acel site web.<\/p><p><strong>Cu cine \u00eemp\u0103rt\u0103\u0219im datele dvs<\/strong><\/p><p>Dac\u0103 solicita\u021bi o resetare a parolei, adresa dvs. IP va fi inclus\u0103 \u00een e-mailul de resetare.<\/p><p><strong>C\u00e2t timp p\u0103str\u0103m datele dumneavoastr\u0103<\/strong><\/p><p>Dac\u0103 l\u0103sa\u021bi un comentariu, comentariul \u0219i metadatele sale sunt p\u0103strate pe termen nelimitat. Acest lucru este astfel \u00eenc\u00e2t s\u0103 putem recunoa\u0219te \u0219i aproba automat orice comentarii ulterioare, \u00een loc s\u0103 le \u021binem \u00eentr-o coad\u0103 de moderare.<\/p><p>Pentru utilizatorii care se \u00eenregistreaz\u0103 pe site-ul nostru web (dac\u0103 exist\u0103), stoc\u0103m \u0219i informa\u021biile personale pe care le furnizeaz\u0103 \u00een profilul lor de utilizator. To\u021bi utilizatorii \u00ee\u0219i pot vedea, edita sau \u0219terge informa\u021biile personale \u00een orice moment (cu excep\u021bia faptului c\u0103 nu \u00ee\u0219i pot schimba numele de utilizator). Administratorii site-urilor web pot, de asemenea, s\u0103 vad\u0103 \u0219i s\u0103 editeze aceste informa\u021bii.<\/p><p><strong>Ce drepturi ave\u021bi asupra datelor dvs<\/strong><\/p><p>Dac\u0103 ave\u021bi un cont pe acest site sau a\u021bi l\u0103sat comentarii, pute\u021bi solicita s\u0103 primi\u021bi un fi\u0219ier exportat cu datele personale pe care le de\u021binem despre dvs., inclusiv orice date pe care ni le-a\u021bi furnizat. De asemenea, pute\u021bi solicita s\u0103 \u0219tergem toate datele personale pe care le de\u021binem despre dumneavoastr\u0103. Aceasta nu include datele pe care suntem obliga\u021bi s\u0103 le p\u0103str\u0103m \u00een scopuri administrative, legale sau de securitate.<\/p><p><strong>Unde sunt trimise datele dvs<\/strong><\/p><p>Comentariile vizitatorilor pot fi verificate printr-un serviciu automat de detectare a spam-ului.<\/p><p><strong>PRELUCRAREA DATELOR CU CARACTER PERSONAL<\/strong><\/p><p>Conform cerin\u0163elor Legii nr. 677\/2001 pentru protec\u0163ia persoanelor cu privire la prelucrarea datelor cu caracter personal \u015fi libera circula\u0163ie a acestor date, modificat\u0103 \u015fi completat\u0103, \u015fi ale Legii nr. 506\/2004 privind prelucrarea datelor cu caracter personal \u015fi protec\u0163ia vie\u0163ii private \u00een sectorul comunica\u0163iilor electronice, DD Graphic Art are obligatia de a administra \u00een condi\u0163ii de siguran\u0163\u0103 \u015fi numai pentru scopurile specificate, datele personale pe care ni le furniza\u0163i despre dumneavoastr\u0103.<\/p><p>Scopul colect\u0103rii datelor este: informarea clien\u0163ilor privind ini\u0163ierea, evolu\u0163ia \u015fi starea comenzilor plasate pe site-ul ddgraphicart.com, informarea clien\u0163ilor privind situa\u0163ia contului lor de pe ddgraphicart.com, evaluarea produselor \u015fi serviciilor oferite, precum \u015fi modul de promovare al acestora.<\/p><p>Prin completarea datelor dvs. \u00een formularul de comand\u0103 declara\u0163i c\u0103 accepta\u0163i \u00een mod expres \u015fi necondi\u0163ionat ca datele dvs. personale s\u0103 fie folosite \u00een scopul proces\u0103rii \u015fi livr\u0103rii comenzilor ini\u0163iate pe site-ul ddgraphicart.com.<\/p><p>Compania noastr\u0103 prelucreaz\u0103 datele clien\u0163ilor cu caracter personal, prin mijloace automate \u015fi manuale, destinate emiterii facturilor de servicii \u015fi produse, livr\u0103rii comenzilor plasate, colect\u0103rii crean\u0163elor legate de acestea precum \u015fi rezolv\u0103rii solicit\u0103rilor \u00een leg\u0103tura cu activitatea desf\u0103\u015furat\u0103 de companie. Datele cu caracter personal nu pot fi transferate \u00een strainatate.<\/p><p>Refuzul de a furniza aceste informa\u0163ii determin\u0103 implicit imposibilitatea de a prelucra comenzile Dvs.<\/p><p>Informa\u0163iile \u00eenregistrate sunt destinate utiliz\u0103rii de c\u0103tre DD Graphic Art \u015fi nu sunt comunicate altor destinatari.<\/p><p>Prin citirea prevederilor prezentei sec\u0163iuni a\u0163i luat la cuno\u015ftin\u0163\u0103 faptul c\u0103 v\u0103 sunt garantate drepturile prev\u0103zute de Legea nr 677\/2001, respectiv dreptul de informare, dreptul de acces la date, dreptul de interven\u0163ie asupra datelor personale care v\u0103 privesc, \u00a0dreptul de opozi\u0163ie, dreptul de a nu fi supus unei decizii individuale, dreptul de a va adresa justi\u0163iei \u00een caz de inc\u0103lcare a drepturilor sale garantate de Legea 677\/2001 pentru protec\u0163ia persoanelor cu privire la prelucrarea datelor cu caracter personal \u015fi libera circula\u0163ie a acestor date. Totodat\u0103, ave\u0163i dreptul de a v\u0103 opune prelucr\u0103rii datelor dvs. personale \u015fi de a solicita \u015ftergerea total\u0103 sau par\u0163ial\u0103 a acestora.<\/p><p>Pe baza unei cereri scrise, datate \u015fi semnate, expediate pe adresa S.C. HOPPALA S.R.L., str. Lacului, nr. 8, ap. 8, Floresti, jud. Cluj, v\u0103 pute\u0163i exercita, \u00een mod gratuit, urm\u0103toarele drepturi:<\/p><p>&#8211; \u00a0o dat\u0103 pe an, s\u0103 vi se confirme faptul c\u0103 datele personale sunt sau nu prelucrate;<\/p><p>&#8211; \u00a0s\u0103 interveni\u0163i asupra datelor transmise;<\/p><p>&#8211; \u00a0s\u0103 v\u0103 opune\u0163i prelucr\u0103rii datelor pentru motive \u00eentemeiate \u015fi legitime legate de situa\u0163ia lor particular\u0103 (cu toate acestea informa\u0163iile dumneavoastr\u0103 cu caracter personal pot fi furnizate \u015fi c\u0103tre Parchet, Poli\u0163ie, Instan\u0163ele judec\u0103tore\u015fti \u015fi altor organe abilitate ale statului, \u00een baza \u015fi \u00een limitele prevederilor legale \u015fi ca urmare a unor cereri expres formulate)<\/p><p>&#8211; \u00a0s\u0103 solicita\u0163i \u015ftergerea datelor, cu excep\u0163ia situa\u0163iilor prevazute de lege.<\/p><p>Dac\u0103 unele din datele despre dumneavoastr\u0103 sunt incorecte, v\u0103 rug\u0103m s\u0103 ne informa\u0163i c\u00e2t mai cur\u00e2nd posibil.<\/p><p>In aceste condi\u0163ii ddgraphicart.com poate notifica clien\u0163ii privind ofertele curente prin newsletterul s\u0103pt\u0103m\u00e2nal, \u015fi poate trimite felicit\u0103ri, sau alte mesaje speciale.<\/p>\t\t\t\t\t\t\t\t<\/div>\n\t\t\t\t\t<\/div>\n\t\t<\/div>\n\t\t\t\t\t<\/div>\n\t\t<\/section>\n\t\t\t\t<\/div>","protected":false},"excerpt":{"rendered":"<p>Politica de confiden\u021bialitate Cine suntem noi Adresa site-ului nostru web este: https:\/\/ddgraphicart.com. Comentarii C\u00e2nd vizitatorii las\u0103 comentarii pe site, colect\u0103m datele afi\u0219ate \u00een formularul de comentarii, precum \u0219i adresa IP a vizitatorului \u0219i \u0219irul de agent de utilizator al browserului pentru a ajuta la detectarea spam-ului. Un \u0219ir anonim creat de la adresa dvs. de [&hellip;]<\/p>\n","protected":false},"author":1,"featured_media":0,"parent":0,"menu_order":0,"comment_status":"closed","ping_status":"closed","template":"","meta":{"iawp_total_views":32,"footnotes":""},"class_list":["post-509","page","type-page","status-publish","hentry"],"_links":{"self":[{"href":"https:\/\/ddgraphicart.com\/en\/wp-json\/wp\/v2\/pages\/509","targetHints":{"allow":["GET"]}}],"collection":[{"href":"https:\/\/ddgraphicart.com\/en\/wp-json\/wp\/v2\/pages"}],"about":[{"href":"https:\/\/ddgraphicart.com\/en\/wp-json\/wp\/v2\/types\/page"}],"author":[{"embeddable":true,"href":"https:\/\/ddgraphicart.com\/en\/wp-json\/wp\/v2\/users\/1"}],"replies":[{"embeddable":true,"href":"https:\/\/ddgraphicart.com\/en\/wp-json\/wp\/v2\/comments?post=509"}],"version-history":[{"count":0,"href":"https:\/\/ddgraphicart.com\/en\/wp-json\/wp\/v2\/pages\/509\/revisions"}],"wp:attachment":[{"href":"https:\/\/ddgraphicart.com\/en\/wp-json\/wp\/v2\/media?parent=509"}],"curies":[{"name":"wp","href":"https:\/\/api.w.org\/{rel}","templated":true}]}}