{"id":68,"date":"2022-11-22T23:47:30","date_gmt":"2022-11-22T23:47:30","guid":{"rendered":"http:\/\/ddgraphicart.com\/index.php\/services\/"},"modified":"2026-01-06T22:41:52","modified_gmt":"2026-01-06T22:41:52","slug":"services","status":"publish","type":"page","link":"https:\/\/ddgraphicart.com\/de\/services\/","title":{"rendered":"Services"},"content":{"rendered":"<div data-elementor-type=\"wp-page\" data-elementor-id=\"68\" class=\"elementor elementor-68\" data-elementor-post-type=\"page\">\n\t\t\t\t\t\t<section class=\"elementor-section elementor-top-section elementor-element elementor-element-6e926b6 elementor-reverse-widescreen elementor-reverse-tablet elementor-reverse-mobile_extra elementor-reverse-mobile elementor-section-boxed elementor-section-height-default elementor-section-height-default\" data-id=\"6e926b6\" data-element_type=\"section\" data-e-type=\"section\">\n\t\t\t\t\t\t<div class=\"elementor-container elementor-column-gap-no\">\n\t\t\t\t\t<div class=\"elementor-column elementor-col-100 elementor-top-column elementor-element elementor-element-024aaa1\" data-id=\"024aaa1\" data-element_type=\"column\" data-e-type=\"column\">\n\t\t\t<div class=\"elementor-widget-wrap elementor-element-populated\">\n\t\t\t\t\t\t<div class=\"elementor-element elementor-element-7734153f elementor-widget elementor-widget-heading\" data-id=\"7734153f\" data-element_type=\"widget\" data-e-type=\"widget\" data-widget_type=\"heading.default\">\n\t\t\t\t\t<h2 class=\"elementor-heading-title elementor-size-default\">Grafikdesign-Leistungen<\/h2>\t\t\t\t<\/div>\n\t\t\t\t<section class=\"elementor-section elementor-inner-section elementor-element elementor-element-ab54bfa elementor-section-boxed elementor-section-height-default elementor-section-height-default\" data-id=\"ab54bfa\" data-element_type=\"section\" data-e-type=\"section\">\n\t\t\t\t\t\t<div class=\"elementor-container elementor-column-gap-default\">\n\t\t\t\t\t<div class=\"elementor-column elementor-col-100 elementor-inner-column elementor-element elementor-element-d646768\" data-id=\"d646768\" data-element_type=\"column\" data-e-type=\"column\">\n\t\t\t<div class=\"elementor-widget-wrap elementor-element-populated\">\n\t\t\t\t\t\t<div class=\"elementor-element elementor-element-6361fe62 elementor-widget elementor-widget-heading\" data-id=\"6361fe62\" data-element_type=\"widget\" data-e-type=\"widget\" data-widget_type=\"heading.default\">\n\t\t\t\t\t<h2 class=\"elementor-heading-title elementor-size-default\">\/\/ Branding<\/h2>\t\t\t\t<\/div>\n\t\t\t\t<div class=\"elementor-element elementor-element-14f341c elementor-widget elementor-widget-text-editor\" data-id=\"14f341c\" data-element_type=\"widget\" data-e-type=\"widget\" data-widget_type=\"text-editor.default\">\n\t\t\t\t\t\t\t\t\t<p style=\"text-align: left;\">Branding ist mehr als nur ein Logo \u2013 es ist die visuelle Identit\u00e4t, die dich abhebt und eine starke Verbindung zu deiner Zielgruppe schafft.\u00a0<span style=\"color: var( --e-global-color-text ); font-family: var( --e-global-typography-text-font-family ), Sans-serif; font-size: var( --e-global-typography-text-font-size ); font-style: var( --e-global-typography-text-font-style ); letter-spacing: var( --e-global-typography-text-letter-spacing ); text-align: center; text-transform: var( --e-global-typography-text-text-transform ); word-spacing: var( --e-global-typography-text-word-spacing );\">Egal, ob du dein Business neu startest oder ein Rebranding planst: Wir helfen dir dabei, ein starkes Erscheinungsbild zu entwickeln, das Vertrauen und Professionalit\u00e4t ausstrahlt.<\/span><\/p>\t\t\t\t\t\t\t\t<\/div>\n\t\t\t\t<div class=\"elementor-element elementor-element-e1aee84 elementor-widget elementor-widget-heading\" data-id=\"e1aee84\" data-element_type=\"widget\" data-e-type=\"widget\" data-widget_type=\"heading.default\">\n\t\t\t\t\t<h2 class=\"elementor-heading-title elementor-size-default\">Leistungen:<\/h2>\t\t\t\t<\/div>\n\t\t\t\t<div class=\"elementor-element elementor-element-7c7b1fea elementor-widget elementor-widget-text-editor\" data-id=\"7c7b1fea\" data-element_type=\"widget\" data-e-type=\"widget\" data-widget_type=\"text-editor.default\">\n\t\t\t\t\t\t\t\t\t<p><strong>Individuelles Logo-Design<br \/><\/strong>Ein einzigartiges, einpr\u00e4gsames und repr\u00e4sentatives Design f\u00fcr deine Marke.<\/p><p><strong>Visuelle Identit\u00e4t<br \/><\/strong>Farbpalette, Schriftarten und grafische Elemente, die die Pers\u00f6nlichkeit deines Unternehmens widerspiegeln.<\/p><p><strong style=\"background-color: transparent; color: var( --e-global-color-text ); font-family: var( --e-global-typography-text-font-family ), Sans-serif; font-style: var( --e-global-typography-text-font-style ); letter-spacing: var( --e-global-typography-text-letter-spacing ); text-transform: var( --e-global-typography-text-text-transform ); word-spacing: var( --e-global-typography-text-word-spacing );\">Brand-Guidelines<br \/><\/strong><span style=\"background-color: transparent; color: var( --e-global-color-text ); font-family: var( --e-global-typography-text-font-family ), Sans-serif; font-style: var( --e-global-typography-text-font-style ); font-weight: var( --e-global-typography-text-font-weight ); letter-spacing: var( --e-global-typography-text-letter-spacing ); text-transform: var( --e-global-typography-text-text-transform ); word-spacing: var( --e-global-typography-text-word-spacing );\">Ein detailliertes Dokument mit klaren Regeln zur Nutzung der visuellen Identit\u00e4t f\u00fcr eine konsistente Kommunikation.<\/span><\/p><p><strong style=\"background-color: transparent; color: var( --e-global-color-text ); font-family: var( --e-global-typography-text-font-family ), Sans-serif; font-style: var( --e-global-typography-text-font-style ); letter-spacing: var( --e-global-typography-text-letter-spacing ); text-transform: var( --e-global-typography-text-text-transform ); word-spacing: var( --e-global-typography-text-word-spacing );\">Marketingmaterialien<br \/><\/strong><span style=\"background-color: transparent; color: var( --e-global-color-text ); font-family: var( --e-global-typography-text-font-family ), Sans-serif; font-style: var( --e-global-typography-text-font-style ); font-weight: var( --e-global-typography-text-font-weight ); letter-spacing: var( --e-global-typography-text-letter-spacing ); text-transform: var( --e-global-typography-text-text-transform ); word-spacing: var( --e-global-typography-text-word-spacing );\">Visitenkarten, Flyer, Banner und weitere Werbematerialien \u2013 alles abgestimmt auf die Identit\u00e4t deiner Marke.<\/span><\/p><p><strong style=\"background-color: transparent; color: var( --e-global-color-text ); font-family: var( --e-global-typography-text-font-family ), Sans-serif; font-style: var( --e-global-typography-text-font-style ); letter-spacing: var( --e-global-typography-text-letter-spacing ); text-transform: var( --e-global-typography-text-text-transform ); word-spacing: var( --e-global-typography-text-word-spacing );\">Design f\u00fcr Social Media<\/strong><span style=\"background-color: transparent; color: var( --e-global-color-text ); font-family: var( --e-global-typography-text-font-family ), Sans-serif; font-style: var( --e-global-typography-text-font-style ); font-weight: var( --e-global-typography-text-font-weight ); letter-spacing: var( --e-global-typography-text-letter-spacing ); text-transform: var( --e-global-typography-text-text-transform ); word-spacing: var( --e-global-typography-text-word-spacing );\">\u00a0<br \/>Attraktive Grafiken f\u00fcr Posts, Cover und personalisierte Vorlagen.<\/span><\/p>\t\t\t\t\t\t\t\t<\/div>\n\t\t\t\t\t<\/div>\n\t\t<\/div>\n\t\t\t\t\t<\/div>\n\t\t<\/section>\n\t\t\t\t<section class=\"elementor-section elementor-inner-section elementor-element elementor-element-37f8521 elementor-section-boxed elementor-section-height-default elementor-section-height-default\" data-id=\"37f8521\" data-element_type=\"section\" data-e-type=\"section\">\n\t\t\t\t\t\t<div class=\"elementor-container elementor-column-gap-default\">\n\t\t\t\t\t<div class=\"elementor-column elementor-col-100 elementor-inner-column elementor-element elementor-element-8650e84\" data-id=\"8650e84\" data-element_type=\"column\" data-e-type=\"column\">\n\t\t\t<div class=\"elementor-widget-wrap elementor-element-populated\">\n\t\t\t\t\t\t<div class=\"elementor-element elementor-element-986c447 elementor-widget elementor-widget-heading\" data-id=\"986c447\" data-element_type=\"widget\" data-e-type=\"widget\" data-widget_type=\"heading.default\">\n\t\t\t\t\t<h2 class=\"elementor-heading-title elementor-size-default\">\/ Digitale Produkte \u2013 demn\u00e4chst verf\u00fcgbar<\/h2>\t\t\t\t<\/div>\n\t\t\t\t<div class=\"elementor-element elementor-element-b8aa9d4 elementor-widget elementor-widget-text-editor\" data-id=\"b8aa9d4\" data-element_type=\"widget\" data-e-type=\"widget\" data-widget_type=\"text-editor.default\">\n\t\t\t\t\t\t\t\t\t<p style=\"text-align: left;\">Wir erstellen digitale Produkte f\u00fcr dich und bieten dir die <strong>Option auf Wiederverkaufsrechte<\/strong>sodass du sie unter deiner eigenen Marke vertreiben kannst.\nZus\u00e4tzlich verkaufen wir unsere digitalen Produkte f\u00fcr den <strong>pers\u00f6nlichen und professionellen Gebrauch<\/strong>, sofort downloadbereit und direkt einsetzbar.<\/p>\t\t\t\t\t\t\t\t<\/div>\n\t\t\t\t<div class=\"elementor-element elementor-element-e674ed8 elementor-widget elementor-widget-heading\" data-id=\"e674ed8\" data-element_type=\"widget\" data-e-type=\"widget\" data-widget_type=\"heading.default\">\n\t\t\t\t\t<h2 class=\"elementor-heading-title elementor-size-default\">Leistungen:<\/h2>\t\t\t\t<\/div>\n\t\t\t\t<div class=\"elementor-element elementor-element-c8ab3d2 elementor-widget elementor-widget-text-editor\" data-id=\"c8ab3d2\" data-element_type=\"widget\" data-e-type=\"widget\" data-widget_type=\"text-editor.default\">\n\t\t\t\t\t\t\t\t\t<p><strong>Personalisierte digitale Produkte<br \/><\/strong>Individuell angepasst an deine Bed\u00fcrfnisse und deine Marke.<\/p><p><strong>Wiederverkaufsrecht<br \/><\/strong>Vermarkte unsere Produkte unter deinem eigenen Namen.<\/p><p><strong>Digitaler Shop<br \/><\/strong>Sofortiger Zugriff auf eine Vielzahl digitaler Ressourcen.<\/p>\t\t\t\t\t\t\t\t<\/div>\n\t\t\t\t\t<\/div>\n\t\t<\/div>\n\t\t\t\t\t<\/div>\n\t\t<\/section>\n\t\t\t\t\t<\/div>\n\t\t<\/div>\n\t\t\t\t\t<\/div>\n\t\t<\/section>\n\t\t\t\t<section class=\"elementor-section elementor-top-section elementor-element elementor-element-32dc9d3 elementor-reverse-widescreen elementor-reverse-tablet elementor-reverse-mobile_extra elementor-reverse-mobile elementor-section-boxed elementor-section-height-default elementor-section-height-default\" data-id=\"32dc9d3\" data-element_type=\"section\" data-e-type=\"section\">\n\t\t\t\t\t\t<div class=\"elementor-container elementor-column-gap-no\">\n\t\t\t\t\t<div class=\"elementor-column elementor-col-100 elementor-top-column elementor-element elementor-element-ef1d8e0\" data-id=\"ef1d8e0\" data-element_type=\"column\" data-e-type=\"column\">\n\t\t\t<div class=\"elementor-widget-wrap elementor-element-populated\">\n\t\t\t\t\t\t<div class=\"elementor-element elementor-element-facf9a4 elementor-widget elementor-widget-heading\" data-id=\"facf9a4\" data-element_type=\"widget\" data-e-type=\"widget\" data-widget_type=\"heading.default\">\n\t\t\t\t\t<h2 class=\"elementor-heading-title elementor-size-default\">Webdesign-Services<\/h2>\t\t\t\t<\/div>\n\t\t\t\t<section class=\"elementor-section elementor-inner-section elementor-element elementor-element-58619ab elementor-section-boxed elementor-section-height-default elementor-section-height-default\" data-id=\"58619ab\" data-element_type=\"section\" data-e-type=\"section\">\n\t\t\t\t\t\t<div class=\"elementor-container elementor-column-gap-default\">\n\t\t\t\t\t<div class=\"elementor-column elementor-col-100 elementor-inner-column elementor-element elementor-element-df8e18f\" data-id=\"df8e18f\" data-element_type=\"column\" data-e-type=\"column\">\n\t\t\t<div class=\"elementor-widget-wrap elementor-element-populated\">\n\t\t\t\t\t\t<div class=\"elementor-element elementor-element-7cd933f elementor-widget elementor-widget-heading\" data-id=\"7cd933f\" data-element_type=\"widget\" data-e-type=\"widget\" data-widget_type=\"heading.default\">\n\t\t\t\t\t<h2 class=\"elementor-heading-title elementor-size-default\">\/\/ Pr\u00e4sentationswebsites<\/h2>\t\t\t\t<\/div>\n\t\t\t\t<div class=\"elementor-element elementor-element-801c624 elementor-widget elementor-widget-text-editor\" data-id=\"801c624\" data-element_type=\"widget\" data-e-type=\"widget\" data-widget_type=\"text-editor.default\">\n\t\t\t\t\t\t\t\t\t<p style=\"text-align: left;\">Wir erstellen professionelle Pr\u00e4sentationswebsites, optimiert f\u00fcr Performance und einfach zu verwalten \u2013 mit <strong>WordPress<\/strong> und <strong>Elementor Pro.<\/strong>Diese Plattformen erm\u00f6glichen dir eine individuelle Website mit modernem Design und erweiterten Funktionen, ganz ohne technische Vorkenntnisse.<\/p>\t\t\t\t\t\t\t\t<\/div>\n\t\t\t\t<div class=\"elementor-element elementor-element-29b0f5a elementor-widget elementor-widget-heading\" data-id=\"29b0f5a\" data-element_type=\"widget\" data-e-type=\"widget\" data-widget_type=\"heading.default\">\n\t\t\t\t\t<h2 class=\"elementor-heading-title elementor-size-default\">Leistungen:<\/h2>\t\t\t\t<\/div>\n\t\t\t\t<div class=\"elementor-element elementor-element-3247133 elementor-widget elementor-widget-text-editor\" data-id=\"3247133\" data-element_type=\"widget\" data-e-type=\"widget\" data-widget_type=\"text-editor.default\">\n\t\t\t\t\t\t\t\t\t<p><strong>Individuelles Design<br \/><\/strong>Wir gestalten ein einzigartiges Design, das die Identit\u00e4t deiner Marke widerspiegelt und die Aufmerksamkeit der Besucher auf sich zieht.<br \/><br \/><strong>Erweiterte Funktionen<br \/><\/strong>Integration von Formularen, Galerien, Animationen und vielem mehr \u2013 alles individuell auf deine Bed\u00fcrfnisse abgestimmt.<br \/><br \/><strong>Mobile Optimierung<br \/><\/strong>Wir sorgen f\u00fcr ein einwandfreies Nutzererlebnis auf allen Ger\u00e4ten, egal ob Desktop oder Smartphone.<br \/><br \/><strong>Einfache Verwaltung<br \/><\/strong>Dank Elementor Pro ist deine Website leicht selbst zu verwalten \u2013 ohne Abh\u00e4ngigkeit von Entwicklern.<br \/><br \/><strong>SEO &amp; Performance<br \/><\/strong>Wir optimieren deine Website in Bezug auf Geschwindigkeit und Leistung, um deine Sichtbarkeit in Suchmaschinen zu erh\u00f6hen.<\/p>\t\t\t\t\t\t\t\t<\/div>\n\t\t\t\t\t<\/div>\n\t\t<\/div>\n\t\t\t\t\t<\/div>\n\t\t<\/section>\n\t\t\t\t<section class=\"elementor-section elementor-inner-section elementor-element elementor-element-4414b17 elementor-section-boxed elementor-section-height-default elementor-section-height-default\" data-id=\"4414b17\" data-element_type=\"section\" data-e-type=\"section\">\n\t\t\t\t\t\t<div class=\"elementor-container elementor-column-gap-default\">\n\t\t\t\t\t<div class=\"elementor-column elementor-col-100 elementor-inner-column elementor-element elementor-element-219761a\" data-id=\"219761a\" data-element_type=\"column\" data-e-type=\"column\">\n\t\t\t<div class=\"elementor-widget-wrap elementor-element-populated\">\n\t\t\t\t\t\t<div class=\"elementor-element elementor-element-5aea692 elementor-widget elementor-widget-heading\" data-id=\"5aea692\" data-element_type=\"widget\" data-e-type=\"widget\" data-widget_type=\"heading.default\">\n\t\t\t\t\t<h2 class=\"elementor-heading-title elementor-size-default\">\/\/ Kleine Online-Shops<\/h2>\t\t\t\t<\/div>\n\t\t\t\t<div class=\"elementor-element elementor-element-0b83c8e elementor-widget elementor-widget-text-editor\" data-id=\"0b83c8e\" data-element_type=\"widget\" data-e-type=\"widget\" data-widget_type=\"text-editor.default\">\n\t\t\t\t\t\t\t\t\t<p style=\"text-align: left;\">Wir erstellen\u00a0<strong>kleine Online-Shops<\/strong>, optimiert f\u00fcr den Verkauf, mit\u00a0<strong>WordPress, WooCommerce \u0219i Elementor Pro<\/strong>. Wir entwickeln schnelle, effiziente und einfach zu verwaltende L\u00f6sungen \u2013 ideal f\u00fcr Unternehmen, die ihre Produkte online verkaufen m\u00f6chten, ohne technische Komplexit\u00e4t.<\/p>\t\t\t\t\t\t\t\t<\/div>\n\t\t\t\t<div class=\"elementor-element elementor-element-a97baff elementor-widget elementor-widget-heading\" data-id=\"a97baff\" data-element_type=\"widget\" data-e-type=\"widget\" data-widget_type=\"heading.default\">\n\t\t\t\t\t<h2 class=\"elementor-heading-title elementor-size-default\">Leistungen:<\/h2>\t\t\t\t<\/div>\n\t\t\t\t<div class=\"elementor-element elementor-element-2fed491 elementor-widget elementor-widget-text-editor\" data-id=\"2fed491\" data-element_type=\"widget\" data-e-type=\"widget\" data-widget_type=\"text-editor.default\">\n\t\t\t\t\t\t\t\t\t<p><strong style=\"color: var( --e-global-color-text ); font-family: var( --e-global-typography-text-font-family ), Sans-serif; font-style: var( --e-global-typography-text-font-style ); letter-spacing: var( --e-global-typography-text-letter-spacing ); text-transform: var( --e-global-typography-text-text-transform ); word-spacing: var( --e-global-typography-text-word-spacing ); font-size: var( --e-global-typography-text-font-size );\">Individuelles Design<br \/><\/strong><span style=\"color: var( --e-global-color-text ); font-family: var( --e-global-typography-text-font-family ), Sans-serif; font-style: var( --e-global-typography-text-font-style ); letter-spacing: var( --e-global-typography-text-letter-spacing ); text-transform: var( --e-global-typography-text-text-transform ); word-spacing: var( --e-global-typography-text-word-spacing ); font-size: var( --e-global-typography-text-font-size ); font-weight: var( --e-global-typography-text-font-weight );\">Modernes und ansprechendes Layout, abgestimmt auf deine Marke.<\/span><\/p><p><strong>Professionell konfiguriertes WooCommerce<br \/><\/strong>Funktionaler Shop, verkaufsbereit eingerichtet.<\/p><p><strong>Conversion-Optimierung<br \/><\/strong>Klare Struktur und einfacher Kaufprozess.<\/p><p><strong>Responsiv &amp; Schnell<br \/><\/strong>Optimal nutzbar auf Smartphone, Tablet und Desktop.<\/p><p><strong>Integration von Zahlungs- und Versandl\u00f6sungen<br \/><\/strong>Einrichtung von Zahlungs-Gateways und Versandmethoden.<\/p><p><strong>Einfache Verwaltung mit Elementor Pro<br \/><\/strong>Seiten schnell bearbeiten \u2013 ganz ohne technische Vorkenntnisse.<\/p>\t\t\t\t\t\t\t\t<\/div>\n\t\t\t\t\t<\/div>\n\t\t<\/div>\n\t\t\t\t\t<\/div>\n\t\t<\/section>\n\t\t\t\t<section class=\"elementor-section elementor-inner-section elementor-element elementor-element-bc6ec90 elementor-section-boxed elementor-section-height-default elementor-section-height-default\" data-id=\"bc6ec90\" data-element_type=\"section\" data-e-type=\"section\">\n\t\t\t\t\t\t<div class=\"elementor-container elementor-column-gap-default\">\n\t\t\t\t\t<div class=\"elementor-column elementor-col-100 elementor-inner-column elementor-element elementor-element-11beeca\" data-id=\"11beeca\" data-element_type=\"column\" data-e-type=\"column\">\n\t\t\t<div class=\"elementor-widget-wrap elementor-element-populated\">\n\t\t\t\t\t\t<div class=\"elementor-element elementor-element-47d403d elementor-widget elementor-widget-heading\" data-id=\"47d403d\" data-element_type=\"widget\" data-e-type=\"widget\" data-widget_type=\"heading.default\">\n\t\t\t\t\t<h2 class=\"elementor-heading-title elementor-size-default\">\/\/ SaaS-Anwendungen &amp; Websites in Figma<\/h2>\t\t\t\t<\/div>\n\t\t\t\t<div class=\"elementor-element elementor-element-0e38feb elementor-widget elementor-widget-text-editor\" data-id=\"0e38feb\" data-element_type=\"widget\" data-e-type=\"widget\" data-widget_type=\"text-editor.default\">\n\t\t\t\t\t\t\t\t\t<p style=\"text-align: left;\">Wir erstellen Designs f\u00fcr <strong>SaaS-Anwendungen<\/strong> und <strong>Websites<\/strong> mit Figma und bieten interaktive, intuitive visuelle L\u00f6sungen, die sich an den Bed\u00fcrfnissen der Nutzer und den Zielen deines Unternehmens orientieren.<\/p>\t\t\t\t\t\t\t\t<\/div>\n\t\t\t\t<div class=\"elementor-element elementor-element-7838686 elementor-widget elementor-widget-heading\" data-id=\"7838686\" data-element_type=\"widget\" data-e-type=\"widget\" data-widget_type=\"heading.default\">\n\t\t\t\t\t<h2 class=\"elementor-heading-title elementor-size-default\">Leistungen:<\/h2>\t\t\t\t<\/div>\n\t\t\t\t<div class=\"elementor-element elementor-element-36fa188 elementor-widget elementor-widget-text-editor\" data-id=\"36fa188\" data-element_type=\"widget\" data-e-type=\"widget\" data-widget_type=\"text-editor.default\">\n\t\t\t\t\t\t\t\t\t<p><strong>Individuelles Design in Figma<br \/><\/strong>Wir entwickeln einzigartige, ma\u00dfgeschneiderte Designs, die die Identit\u00e4t deiner Marke widerspiegeln und ein konsistentes Nutzererlebnis gew\u00e4hrleisten.<br \/><br \/><strong>Wireframes &amp; interaktive Prototypen<br \/><\/strong>Erstellung von Skizzen und interaktiven Prototypen, um Funktionalit\u00e4t und User-Flows deiner Anwendung bereits vor der Entwicklung zu testen.<br \/><br \/><strong>Individuelles UI-Kit<br \/><\/strong>Wir liefern vollst\u00e4ndig personalisierte UI-Kits mit konsistenten visuellen Elementen \u2013 f\u00fcr eine schnelle Entwicklung und optimale Skalierbarkeit deines Projekts.<br \/><br \/><strong>Zusammenarbeit in Echtzeit<br \/><\/strong>Figma erm\u00f6glicht die Zusammenarbeit in Echtzeit, sodass dein Team aktiv und transparent in den Designprozess eingebunden ist.<\/p>\t\t\t\t\t\t\t\t<\/div>\n\t\t\t\t\t<\/div>\n\t\t<\/div>\n\t\t\t\t\t<\/div>\n\t\t<\/section>\n\t\t\t\t<section class=\"elementor-section elementor-inner-section elementor-element elementor-element-5acbaf5 elementor-section-boxed elementor-section-height-default elementor-section-height-default\" data-id=\"5acbaf5\" data-element_type=\"section\" data-e-type=\"section\">\n\t\t\t\t\t\t<div class=\"elementor-container elementor-column-gap-default\">\n\t\t\t\t\t<div class=\"elementor-column elementor-col-100 elementor-inner-column elementor-element elementor-element-5235f2f\" data-id=\"5235f2f\" data-element_type=\"column\" data-e-type=\"column\">\n\t\t\t<div class=\"elementor-widget-wrap elementor-element-populated\">\n\t\t\t\t\t\t<div class=\"elementor-element elementor-element-d85cc7a elementor-widget elementor-widget-heading\" data-id=\"d85cc7a\" data-element_type=\"widget\" data-e-type=\"widget\" data-widget_type=\"heading.default\">\n\t\t\t\t\t<h2 class=\"elementor-heading-title elementor-size-default\">\/\/ Wireframes &amp; Prototypen \/ Vollst\u00e4ndiger UX\/UI-Design-Prozess<\/h2>\t\t\t\t<\/div>\n\t\t\t\t<div class=\"elementor-element elementor-element-3936236 elementor-widget elementor-widget-text-editor\" data-id=\"3936236\" data-element_type=\"widget\" data-e-type=\"widget\" data-widget_type=\"text-editor.default\">\n\t\t\t\t\t\t\t\t\t<p style=\"text-align: left;\">Wir bieten umfassende UX\/UI-Design-Services \u2013 von <strong>einfachen Wireframes<\/strong> bis hin zu <strong>interaktiven Prototypen<\/strong>, um deine Ideen in funktionale und ansprechende digitale Erlebnisse zu verwandeln.<\/p>\t\t\t\t\t\t\t\t<\/div>\n\t\t\t\t<div class=\"elementor-element elementor-element-de94427 elementor-widget elementor-widget-heading\" data-id=\"de94427\" data-element_type=\"widget\" data-e-type=\"widget\" data-widget_type=\"heading.default\">\n\t\t\t\t\t<h2 class=\"elementor-heading-title elementor-size-default\">Leistungen:<\/h2>\t\t\t\t<\/div>\n\t\t\t\t<div class=\"elementor-element elementor-element-dd3be07 elementor-widget elementor-widget-text-editor\" data-id=\"dd3be07\" data-element_type=\"widget\" data-e-type=\"widget\" data-widget_type=\"text-editor.default\">\n\t\t\t\t\t\t\t\t\t<p><strong>Wireframes<br \/><\/strong>Grundlegende Skizzen, die die Struktur und Navigation deiner Website oder Anwendung definieren und dir eine klare Vorstellung vom Layout und den Funktionen geben.<\/p><p><strong>Interaktive Prototypen<br \/><\/strong>Detaillierte und funktionsnahe Modelle, die Nutzerinteraktionen und User-Flows simulieren, um das Design vor der Umsetzung zu testen.<\/p><p><strong>Ganzheitliches UX\/UI-Design<br \/><\/strong>Von Nutzerforschung und Definition der Interaktionsfl\u00fcsse bis hin zum finalen visuellen Design \u2013 wir sorgen daf\u00fcr, dass jedes Detail deiner Anwendung oder Website intuitiv und effizient ist.<\/p><p><strong>Usability-Tests<br \/><\/strong>Wir f\u00fchren Usability-Tests durch, um sicherzustellen, dass deine Nutzer ein reibungsloses und angenehmes Nutzungserlebnis haben.<\/p>\t\t\t\t\t\t\t\t<\/div>\n\t\t\t\t\t<\/div>\n\t\t<\/div>\n\t\t\t\t\t<\/div>\n\t\t<\/section>\n\t\t\t\t\t<\/div>\n\t\t<\/div>\n\t\t\t\t\t<\/div>\n\t\t<\/section>\n\t\t\t\t<\/div>","protected":false},"excerpt":{"rendered":"<p>Servicii de Graphic Design \/\/ Branding Brandingul este mai mult dec\u00e2t un logo \u2013 este identitatea vizual\u0103 care te diferen\u021biaz\u0103 \u0219i creeaz\u0103 o conexiune puternic\u0103 cu publicul t\u0103u.\u00a0Fie c\u0103 \u00ee\u021bi lansezi afacerea sau vrei un rebranding, te ajut\u0103m s\u0103 creezi o imagine de impact care s\u0103 inspire \u00eencredere \u0219i profesionalism. servicii: Creare Logo personalizatUn design [&hellip;]<\/p>\n","protected":false},"author":1,"featured_media":0,"parent":0,"menu_order":0,"comment_status":"closed","ping_status":"closed","template":"elementor_header_footer","meta":{"iawp_total_views":128,"footnotes":""},"class_list":["post-68","page","type-page","status-publish","hentry"],"_links":{"self":[{"href":"https:\/\/ddgraphicart.com\/de\/wp-json\/wp\/v2\/pages\/68","targetHints":{"allow":["GET"]}}],"collection":[{"href":"https:\/\/ddgraphicart.com\/de\/wp-json\/wp\/v2\/pages"}],"about":[{"href":"https:\/\/ddgraphicart.com\/de\/wp-json\/wp\/v2\/types\/page"}],"author":[{"embeddable":true,"href":"https:\/\/ddgraphicart.com\/de\/wp-json\/wp\/v2\/users\/1"}],"replies":[{"embeddable":true,"href":"https:\/\/ddgraphicart.com\/de\/wp-json\/wp\/v2\/comments?post=68"}],"version-history":[{"count":57,"href":"https:\/\/ddgraphicart.com\/de\/wp-json\/wp\/v2\/pages\/68\/revisions"}],"predecessor-version":[{"id":2741,"href":"https:\/\/ddgraphicart.com\/de\/wp-json\/wp\/v2\/pages\/68\/revisions\/2741"}],"wp:attachment":[{"href":"https:\/\/ddgraphicart.com\/de\/wp-json\/wp\/v2\/media?parent=68"}],"curies":[{"name":"wp","href":"https:\/\/api.w.org\/{rel}","templated":true}]}}