{"id":34,"date":"2022-11-22T23:46:54","date_gmt":"2022-11-22T23:46:54","guid":{"rendered":"http:\/\/ddgraphicart.com\/index.php\/about\/"},"modified":"2026-02-08T15:38:16","modified_gmt":"2026-02-08T15:38:16","slug":"about","status":"publish","type":"page","link":"https:\/\/ddgraphicart.com\/de\/about\/","title":{"rendered":"\u00dcber uns"},"content":{"rendered":"<div data-elementor-type=\"wp-page\" data-elementor-id=\"34\" class=\"elementor elementor-34\" data-elementor-post-type=\"page\">\n\t\t\t\t\t\t<section class=\"elementor-section elementor-top-section elementor-element elementor-element-60a31f1e elementor-section-content-middle elementor-section-boxed elementor-section-height-default elementor-section-height-default\" data-id=\"60a31f1e\" data-element_type=\"section\" data-e-type=\"section\">\n\t\t\t\t\t\t<div class=\"elementor-container elementor-column-gap-no\">\n\t\t\t\t\t<div class=\"elementor-column elementor-col-100 elementor-top-column elementor-element elementor-element-1d24bb65\" data-id=\"1d24bb65\" data-element_type=\"column\" data-e-type=\"column\">\n\t\t\t<div class=\"elementor-widget-wrap elementor-element-populated\">\n\t\t\t\t\t\t<div class=\"elementor-element elementor-element-3150c340 elementor-widget elementor-widget-heading\" data-id=\"3150c340\" data-element_type=\"widget\" data-e-type=\"widget\" data-widget_type=\"heading.default\">\n\t\t\t\t\t<h1 class=\"elementor-heading-title elementor-size-default\">Wir als perfektes Ganzes<\/h1>\t\t\t\t<\/div>\n\t\t\t\t<div class=\"elementor-element elementor-element-4034f936 elementor-widget elementor-widget-text-editor\" data-id=\"4034f936\" data-element_type=\"widget\" data-e-type=\"widget\" data-widget_type=\"text-editor.default\">\n\t\t\t\t\t\t\t\t\t<p data-start=\"127\" data-end=\"447\">Wir sind diejenigen, die den Grundstein gelegt haben \u2013 und diejenigen, die daran glauben, dass unser Team nicht nur aus uns besteht, sondern aus allen, die sich uns auf dem Weg anschlie\u00dfen werden.\u00a0<\/p>\t\t\t\t\t\t\t\t<\/div>\n\t\t\t\t\t<\/div>\n\t\t<\/div>\n\t\t\t\t\t<\/div>\n\t\t<\/section>\n\t\t<div class=\"elementor-element elementor-element-322b365 e-flex e-con-boxed e-con e-parent\" data-id=\"322b365\" data-element_type=\"container\" data-e-type=\"container\">\n\t\t\t\t\t<div class=\"e-con-inner\">\n\t\t<div class=\"elementor-element elementor-element-1f4b21a e-con-full e-flex e-con e-child\" data-id=\"1f4b21a\" data-element_type=\"container\" data-e-type=\"container\">\n\t\t\t\t<div class=\"elementor-element elementor-element-e8c8f30 elementor-widget elementor-widget-image\" data-id=\"e8c8f30\" data-element_type=\"widget\" data-e-type=\"widget\" data-widget_type=\"image.default\">\n\t\t\t\t\t\t\t\t\t\t\t\t\t\t\t<img decoding=\"async\" width=\"37\" height=\"34\" src=\"https:\/\/ddgraphicart.com\/wp-content\/uploads\/2025\/07\/DD-Graphic-Art-ilustratie-11-1.svg\" class=\"attachment-large size-large wp-image-2371\" alt=\"\" \/>\t\t\t\t\t\t\t\t\t\t\t\t\t\t\t<\/div>\n\t\t\t\t<\/div>\n\t\t<div class=\"elementor-element elementor-element-70c384b e-con-full e-flex e-con e-child\" data-id=\"70c384b\" data-element_type=\"container\" data-e-type=\"container\">\n\t\t\t\t<div class=\"elementor-element elementor-element-57e512d elementor-widget elementor-widget-heading\" data-id=\"57e512d\" data-element_type=\"widget\" data-e-type=\"widget\" data-widget_type=\"heading.default\">\n\t\t\t\t\t<h2 class=\"elementor-heading-title elementor-size-default\">Der Mensch hinter den Pixeln<\/h2>\t\t\t\t<\/div>\n\t\t\t\t<div class=\"elementor-element elementor-element-193ee0f elementor-widget elementor-widget-text-editor\" data-id=\"193ee0f\" data-element_type=\"widget\" data-e-type=\"widget\" data-widget_type=\"text-editor.default\">\n\t\t\t\t\t\t\t\t\t<p><b>DIANA \u00b7 UI\/UX \u00b7 Grafik \u00b7 Webdesignerin<\/b><\/p>\t\t\t\t\t\t\t\t<\/div>\n\t\t\t\t<div class=\"elementor-element elementor-element-421291f elementor-widget elementor-widget-text-editor\" data-id=\"421291f\" data-element_type=\"widget\" data-e-type=\"widget\" data-widget_type=\"text-editor.default\">\n\t\t\t\t\t\t\t\t\t<p data-start=\"171\" data-end=\"431\">Diana sorgt daf\u00fcr, dass Dinge Form und Bedeutung bekommen. Es geht nicht nur darum, gut auszusehen, sondern perfekt zu funktionieren. Sie hat ein geschultes Auge f\u00fcr \u00c4sthetik und ein klares Denken f\u00fcr alles, was digitale Erlebnisse ausmacht.<\/p><p data-start=\"433\" data-end=\"680\">Mit jedem Projekt bringt sie die Balance zwischen Design und Funktionalit\u00e4t \u2013 egal ob es um eine intuitive Benutzeroberfl\u00e4che, eine visuelle Identit\u00e4t oder eine Website geht, die dich \u201eWow\u201c sagen l\u00e4sst. Sie arbeitet mit Geduld, h\u00f6rt genau zu und steckt viel Herz in jedes einzelne Pixel.<\/p><p data-start=\"682\" data-end=\"781\"><strong>Und das Wichtigste: Es ist ihr wichtig. Dir, deiner Idee und dem Gef\u00fchl, das jedes Detail auf dem Weg vermittelt.<\/strong><\/p>\t\t\t\t\t\t\t\t<\/div>\n\t\t\t\t<\/div>\n\t\t\t\t\t<\/div>\n\t\t\t\t<\/div>\n\t\t<div class=\"elementor-element elementor-element-c164a77 e-flex e-con-boxed e-con e-parent\" data-id=\"c164a77\" data-element_type=\"container\" data-e-type=\"container\">\n\t\t\t\t\t<div class=\"e-con-inner\">\n\t\t<div class=\"elementor-element elementor-element-263f1f9 e-con-full e-flex e-con e-child\" data-id=\"263f1f9\" data-element_type=\"container\" data-e-type=\"container\">\n\t\t\t\t<div class=\"elementor-element elementor-element-317e31a elementor-widget elementor-widget-heading\" data-id=\"317e31a\" data-element_type=\"widget\" data-e-type=\"widget\" data-widget_type=\"heading.default\">\n\t\t\t\t\t<h2 class=\"elementor-heading-title elementor-size-default\">Der Mensch f\u00fcr Balance<\/h2>\t\t\t\t<\/div>\n\t\t\t\t<div class=\"elementor-element elementor-element-90e5ae3 elementor-widget elementor-widget-text-editor\" data-id=\"90e5ae3\" data-element_type=\"widget\" data-e-type=\"widget\" data-widget_type=\"text-editor.default\">\n\t\t\t\t\t\t\t\t\t<p><b>MIHAI \u00b7 Projektmanager<\/b><\/p>\t\t\t\t\t\t\t\t<\/div>\n\t\t\t\t<div class=\"elementor-element elementor-element-fe5865a elementor-widget elementor-widget-text-editor\" data-id=\"fe5865a\" data-element_type=\"widget\" data-e-type=\"widget\" data-widget_type=\"text-editor.default\">\n\t\t\t\t\t\t\t\t\t<p data-start=\"161\" data-end=\"582\">Wenn dein Projekt p\u00fcnktlich, strukturiert und ohne Kopfschmerzen ankommt, dann war Mihai ganz sicher dabei \u2013 aufmerksam bis ins kleinste Detail.<\/p><p>Organisiert, ruhig und immer einen Schritt voraus ist er das Bindeglied zwischen Idee, Team und Ergebnis. Er sorgt daf\u00fcr, dass jeder Schritt reibungslos l\u00e4uft, alle Deadlines eingehalten werden und du jederzeit wei\u00dft, wo wir gerade stehen.<\/p><p>Aber Mihai ist nicht nur f\u00fcr Aufgaben und Planung da \u2013 er ist der Mensch, der zuh\u00f6rt, echte Bed\u00fcrfnisse versteht und alles in einen klaren, effizienten Prozess \u00fcbersetzt.<\/p><p><strong>Mihai ist genau der Mensch, den man an seiner Seite haben m\u00f6chte, wenn Dinge komplex werden.<\/strong><\/p>\t\t\t\t\t\t\t\t<\/div>\n\t\t\t\t<\/div>\n\t\t<div class=\"elementor-element elementor-element-4aea7b8 e-con-full e-flex e-con e-child\" data-id=\"4aea7b8\" data-element_type=\"container\" data-e-type=\"container\">\n\t\t\t\t<div class=\"elementor-element elementor-element-c04d165 elementor-widget elementor-widget-image\" data-id=\"c04d165\" data-element_type=\"widget\" data-e-type=\"widget\" data-widget_type=\"image.default\">\n\t\t\t\t\t\t\t\t\t\t\t\t\t\t\t<img decoding=\"async\" width=\"36\" height=\"34\" src=\"https:\/\/ddgraphicart.com\/wp-content\/uploads\/2025\/07\/DD-Graphic-Art-ilustratie-13-1.svg\" class=\"attachment-large size-large wp-image-2372\" alt=\"\" \/>\t\t\t\t\t\t\t\t\t\t\t\t\t\t\t<\/div>\n\t\t\t\t<\/div>\n\t\t\t\t\t<\/div>\n\t\t\t\t<\/div>\n\t\t\t\t<section class=\"elementor-section elementor-top-section elementor-element elementor-element-265fb75 elementor-section-content-middle elementor-section-boxed elementor-section-height-default elementor-section-height-default\" data-id=\"265fb75\" data-element_type=\"section\" data-e-type=\"section\">\n\t\t\t\t\t\t<div class=\"elementor-container elementor-column-gap-no\">\n\t\t\t\t\t<div class=\"elementor-column elementor-col-100 elementor-top-column elementor-element elementor-element-ae2286a\" data-id=\"ae2286a\" data-element_type=\"column\" data-e-type=\"column\">\n\t\t\t<div class=\"elementor-widget-wrap elementor-element-populated\">\n\t\t\t\t\t\t<div class=\"elementor-element elementor-element-ac134a4 elementor-widget elementor-widget-heading\" data-id=\"ac134a4\" data-element_type=\"widget\" data-e-type=\"widget\" data-widget_type=\"heading.default\">\n\t\t\t\t\t<h1 class=\"elementor-heading-title elementor-size-default\">Sch\u00f6n, dich kennenzulernen<\/h1>\t\t\t\t<\/div>\n\t\t\t\t<div class=\"elementor-element elementor-element-9014ab2 elementor-widget elementor-widget-text-editor\" data-id=\"9014ab2\" data-element_type=\"widget\" data-e-type=\"widget\" data-widget_type=\"text-editor.default\">\n\t\t\t\t\t\t\t\t\t<p data-start=\"127\" data-end=\"447\">Jetzt, wo wir uns kennen, verraten wir dir ein kleines Geheimnis:<\/p>\t\t\t\t\t\t\t\t<\/div>\n\t\t\t\t\t<\/div>\n\t\t<\/div>\n\t\t\t\t\t<\/div>\n\t\t<\/section>\n\t\t<div class=\"elementor-element elementor-element-e1f5469 e-flex e-con-boxed e-con e-parent\" data-id=\"e1f5469\" data-element_type=\"container\" data-e-type=\"container\">\n\t\t\t\t\t<div class=\"e-con-inner\">\n\t\t<div class=\"elementor-element elementor-element-b1f962d e-con-full e-flex e-con e-child\" data-id=\"b1f962d\" data-element_type=\"container\" data-e-type=\"container\">\n\t\t\t\t<div class=\"elementor-element elementor-element-5f87ed0 elementor-widget elementor-widget-image\" data-id=\"5f87ed0\" data-element_type=\"widget\" data-e-type=\"widget\" data-widget_type=\"image.default\">\n\t\t\t\t\t\t\t\t\t\t\t\t\t\t\t<img decoding=\"async\" width=\"37\" height=\"34\" src=\"https:\/\/ddgraphicart.com\/wp-content\/uploads\/2025\/07\/DD-Graphic-Art-ilustratie-4-1.svg\" class=\"attachment-large size-large wp-image-2364\" alt=\"\" \/>\t\t\t\t\t\t\t\t\t\t\t\t\t\t\t<\/div>\n\t\t\t\t<\/div>\n\t\t<div class=\"elementor-element elementor-element-6f388e7 e-con-full e-flex e-con e-child\" data-id=\"6f388e7\" data-element_type=\"container\" data-e-type=\"container\">\n\t\t\t\t<div class=\"elementor-element elementor-element-f7f5c60 elementor-widget elementor-widget-text-editor\" data-id=\"f7f5c60\" data-element_type=\"widget\" data-e-type=\"widget\" data-widget_type=\"text-editor.default\">\n\t\t\t\t\t\t\t\t\t<p data-start=\"84\" data-end=\"275\"><strong data-start=\"84\" data-end=\"124\"><b> Nichts von dem, was wir tun, passiert zuf\u00e4llig. <\/b><\/strong><br data-start=\"124\" data-end=\"127\" \/>Jede Farbe, jede Schrift und jeder Abstand hat einen Zweck \u2013 denn hinter jedem Design steckt eine Geschichte. Und wir lieben es, diese gemeinsam mit dir zu entdecken.<\/p><p data-start=\"84\" data-end=\"275\">Wir haben mit kleinen Schritten, viel Leidenschaft und einer klaren Idee begonnen: sinnvolle Dinge zu gestalten, nicht nur sch\u00f6ne. Wir h\u00f6ren zu, stellen Fragen und schaffen Design, das ehrlich ist und etwas sagt.<\/p><p data-start=\"477\" data-end=\"598\">Von der Strategie bis zur Umsetzung stecken wir Herz in jedes Detail \u2013 damit deine Ideen nicht nur gl\u00e4nzen, sondern inspirieren.<\/p><p data-start=\"600\" data-end=\"647\"><strong data-start=\"600\" data-end=\"644\">Acum c\u0103 ne cunoa\u0219tem\u2026 tu cu ce idee vii?<\/strong><\/p>\t\t\t\t\t\t\t\t<\/div>\n\t\t\t\t<\/div>\n\t\t\t\t\t<\/div>\n\t\t\t\t<\/div>\n\t\t\t\t<\/div>","protected":false},"excerpt":{"rendered":"<p>Noi ca un \u00eentreg perfect Suntem cei care am pus bazele \u2013 \u0219i cei care cred c\u0103 echipa noastr\u0103 e format\u0103 nu doar din noi, ci \u0219i din to\u021bi cei care ni se vor al\u0103tura pe parcurs.\u00a0 Omul cu pixelii DIANA: UI\/UX \u00b7 Graphic \u00b7 Web Designer Diana e cea care face ca lucrurile s\u0103 [&hellip;]<\/p>\n","protected":false},"author":1,"featured_media":0,"parent":0,"menu_order":0,"comment_status":"closed","ping_status":"closed","template":"elementor_header_footer","meta":{"iawp_total_views":152,"footnotes":""},"class_list":["post-34","page","type-page","status-publish","hentry"],"_links":{"self":[{"href":"https:\/\/ddgraphicart.com\/de\/wp-json\/wp\/v2\/pages\/34","targetHints":{"allow":["GET"]}}],"collection":[{"href":"https:\/\/ddgraphicart.com\/de\/wp-json\/wp\/v2\/pages"}],"about":[{"href":"https:\/\/ddgraphicart.com\/de\/wp-json\/wp\/v2\/types\/page"}],"author":[{"embeddable":true,"href":"https:\/\/ddgraphicart.com\/de\/wp-json\/wp\/v2\/users\/1"}],"replies":[{"embeddable":true,"href":"https:\/\/ddgraphicart.com\/de\/wp-json\/wp\/v2\/comments?post=34"}],"version-history":[{"count":56,"href":"https:\/\/ddgraphicart.com\/de\/wp-json\/wp\/v2\/pages\/34\/revisions"}],"predecessor-version":[{"id":3023,"href":"https:\/\/ddgraphicart.com\/de\/wp-json\/wp\/v2\/pages\/34\/revisions\/3023"}],"wp:attachment":[{"href":"https:\/\/ddgraphicart.com\/de\/wp-json\/wp\/v2\/media?parent=34"}],"curies":[{"name":"wp","href":"https:\/\/api.w.org\/{rel}","templated":true}]}}